{"id":8502,"date":"2021-04-26T12:45:55","date_gmt":"2021-04-26T10:45:55","guid":{"rendered":"https:\/\/www.liquidvoyage.eu\/?post_type=product&#038;p=8502"},"modified":"2024-07-08T16:52:15","modified_gmt":"2024-07-08T14:52:15","slug":"nicshot-18mg-80-20-vg-pg","status":"publish","type":"product","link":"https:\/\/www.liquidvoyage.eu\/en\/product\/nicshot-18mg-80-20-vg-pg\/","title":{"rendered":"Nicshot SALT &#8211; 18mg 80\/20 VG\/PG"},"content":{"rendered":"<p>Our own salt nicshot! Produced inhouse in our production facility in Stockholm, Sweden.<\/p>\n<p><strong>80\/20 VG\/PG<\/strong><\/p>\n<p><strong>Please note that nicshot is already included in your order if you order your flavors in 3mg or 6mg.<\/strong><\/p>\n<p>18 mg nic salt booster for your Shake n&#8217; Vape.<\/p>\n<p><strong>One 10ml 18mg nicshot in a 50ml Shake n Vape-bottle gives you 3 mg strenght.<\/strong><\/p>\n<p><strong>Two 10ml 18mg nicshot in a 40ml Shake n Vape-bottle gives you 6 mg strenght.<\/strong><\/p>\n<p>TPD-registered.<\/p>\n<p>ECID:\u00a002906-17-11108<\/p>\n<p><a href=\"https:\/\/www.liquidvoyage.eu\/wp-content\/uploads\/2018\/01\/Shake-Vape-Manual.png\"><img decoding=\"async\" class=\"alignnone wp-image-1617 size-full\" src=\"https:\/\/www.liquidvoyage.eu\/wp-content\/uploads\/2018\/01\/Shake-Vape-Manual.png\" alt=\"\" width=\"354\" height=\"590\" \/><\/a><\/p>\n<p><strong>UK EN WARNING:<\/strong> Nicotine is a highly<br \/>\naddictive substance. Keep out of reach<br \/>\nof children. Only intended for use in<br \/>\ne-cigarettes. If ingested seek<br \/>\nimmediate medical attention and<br \/>\nprovide this label. Toxic if swallowed<br \/>\n<strong>SWE SE VARNING:<\/strong> Nikotin \u00e4r ett<br \/>\nmycket beroendeframkallande \u00e4mne.<br \/>\nF\u00f6rvaras o\u00e5tkomligt fr\u00e5n barn. Endast<br \/>\navsedd f\u00f6r anv\u00e4ndning i e-cigaretter.<br \/>\nF\u00e5r ej s\u00e4ljas till personer under 18 \u00e5r.<br \/>\nKontakta l\u00e4kare omedelbart om st\u00f6rre<br \/>\nm\u00e4ngd har f\u00f6rt\u00e4rts. Giftigt vid f\u00f6rt\u00e4ring.<\/p>\n<p><img decoding=\"async\" class=\"alignnone wp-image-4591\" src=\"https:\/\/www.liquidvoyage.eu\/wp-content\/uploads\/2018\/01\/GHS06_skull-1-300x300.png\" alt=\"\" width=\"71\" height=\"71\" \/><\/p>\n<p style=\"text-align: left;\"><strong>FARA \/ <\/strong><strong>DANGER<\/strong><\/p>\n","protected":false},"excerpt":{"rendered":"<p><strong>Our own nicshot!<\/strong><\/p>\n<p><strong>80\/20 VG\/PG<\/strong><\/p>\n<p><strong>Please note that nicshot is already included in your order if you order your flavors in 3mg or 6mg.<\/strong><\/p>\n<p>18 mg nic booster for your Shake n&#8217; Vape.<\/p>\n<p>&nbsp;<\/p>\n","protected":false},"featured_media":8504,"comment_status":"open","ping_status":"closed","template":"","meta":{"_monsterinsights_skip_tracking":false,"_monsterinsights_sitenote_active":false,"_monsterinsights_sitenote_note":"","_monsterinsights_sitenote_category":0},"product_brand":[],"product_cat":[196,95],"product_tag":[82],"class_list":{"0":"post-8502","1":"product","2":"type-product","3":"status-publish","4":"has-post-thumbnail","6":"product_cat-diy-e-liquid","7":"product_cat-nicshots","8":"product_tag-nic-shot","10":"first","11":"instock","12":"taxable","13":"shipping-taxable","14":"purchasable","15":"product-type-simple"},"yoast_head":"<!-- This site is optimized with the Yoast SEO plugin v27.4 - https:\/\/yoast.com\/product\/yoast-seo-wordpress\/ -->\n<title>18mg Nicshot SALT - Liquid Voyage - Nic salt for Shake n Vape<\/title>\n<meta name=\"description\" content=\"Liquid Voyages own 18mg nicshot! 80% VG. Tested and TPD-registered. Made with the best available nicotine salt.\" \/>\n<meta name=\"robots\" content=\"index, follow, max-snippet:-1, max-image-preview:large, max-video-preview:-1\" \/>\n<link rel=\"canonical\" href=\"https:\/\/www.liquidvoyage.eu\/en\/product\/nic-shot-18mg\/\" \/>\n<meta property=\"og:locale\" content=\"en_US\" \/>\n<meta property=\"og:type\" content=\"article\" \/>\n<meta property=\"og:title\" content=\"Nicshot SALT - 18mg - Liquid Voyage - Nic booster for Shake n Vape\" \/>\n<meta property=\"og:description\" content=\"Liquid Voyages own 18mg nic shot! 80% VG. Tested and TPD-registered. Made with the best available nicotine.\" \/>\n<meta property=\"og:url\" content=\"https:\/\/www.liquidvoyage.eu\/product\/nic-shot-18mg\/\" \/>\n<meta property=\"og:site_name\" content=\"Liquid Voyage - Simply Great E-Juice\" \/>\n<meta property=\"article:publisher\" content=\"https:\/\/www.facebook.com\/LiquidVoyage\/\" \/>\n<meta property=\"article:modified_time\" content=\"2024-07-08T14:52:15+00:00\" \/>\n<meta property=\"og:image\" content=\"https:\/\/www.liquidvoyage.eu\/wp-content\/uploads\/2022\/04\/saltnic.jpg\" \/>\n\t<meta property=\"og:image:width\" content=\"1200\" \/>\n\t<meta property=\"og:image:height\" content=\"800\" \/>\n\t<meta property=\"og:image:type\" content=\"image\/jpeg\" \/>\n<meta name=\"twitter:card\" content=\"summary_large_image\" \/>\n<meta name=\"twitter:label1\" content=\"Est. reading time\" \/>\n\t<meta name=\"twitter:data1\" content=\"2 minutes\" \/>\n<script type=\"application\/ld+json\" class=\"yoast-schema-graph\">{\"@context\":\"https:\\\/\\\/schema.org\",\"@graph\":[{\"@type\":\"WebPage\",\"@id\":\"https:\\\/\\\/www.liquidvoyage.eu\\\/en\\\/product\\\/nicshot-18mg-80-20-vg-pg\\\/\",\"url\":\"https:\\\/\\\/www.liquidvoyage.eu\\\/product\\\/nic-shot-18mg\\\/\",\"name\":\"18mg Nicshot SALT - Liquid Voyage - Nic salt for Shake n Vape\",\"isPartOf\":{\"@id\":\"https:\\\/\\\/www.liquidvoyage.eu\\\/en\\\/#website\"},\"primaryImageOfPage\":{\"@id\":\"https:\\\/\\\/www.liquidvoyage.eu\\\/product\\\/nic-shot-18mg\\\/#primaryimage\"},\"image\":{\"@id\":\"https:\\\/\\\/www.liquidvoyage.eu\\\/product\\\/nic-shot-18mg\\\/#primaryimage\"},\"thumbnailUrl\":\"https:\\\/\\\/www.liquidvoyage.eu\\\/wp-content\\\/uploads\\\/2021\\\/04\\\/LV-Nicshot-Mockup80.jpg\",\"datePublished\":\"2021-04-26T10:45:55+00:00\",\"dateModified\":\"2024-07-08T14:52:15+00:00\",\"description\":\"Liquid Voyages own 18mg nicshot! 80% VG. Tested and TPD-registered. Made with the best available nicotine salt.\",\"breadcrumb\":{\"@id\":\"https:\\\/\\\/www.liquidvoyage.eu\\\/product\\\/nic-shot-18mg\\\/#breadcrumb\"},\"inLanguage\":\"en-US\",\"potentialAction\":[{\"@type\":\"ReadAction\",\"target\":[\"https:\\\/\\\/www.liquidvoyage.eu\\\/product\\\/nic-shot-18mg\\\/\"]}]},{\"@type\":\"ImageObject\",\"inLanguage\":\"en-US\",\"@id\":\"https:\\\/\\\/www.liquidvoyage.eu\\\/product\\\/nic-shot-18mg\\\/#primaryimage\",\"url\":\"https:\\\/\\\/www.liquidvoyage.eu\\\/wp-content\\\/uploads\\\/2021\\\/04\\\/LV-Nicshot-Mockup80.jpg\",\"contentUrl\":\"https:\\\/\\\/www.liquidvoyage.eu\\\/wp-content\\\/uploads\\\/2021\\\/04\\\/LV-Nicshot-Mockup80.jpg\",\"width\":600,\"height\":600},{\"@type\":\"BreadcrumbList\",\"@id\":\"https:\\\/\\\/www.liquidvoyage.eu\\\/product\\\/nic-shot-18mg\\\/#breadcrumb\",\"itemListElement\":[{\"@type\":\"ListItem\",\"position\":1,\"name\":\"Hem\",\"item\":\"https:\\\/\\\/www.liquidvoyage.eu\\\/en\\\/\"},{\"@type\":\"ListItem\",\"position\":2,\"name\":\"Store\",\"item\":\"https:\\\/\\\/www.liquidvoyage.eu\\\/en\\\/store\\\/\"},{\"@type\":\"ListItem\",\"position\":3,\"name\":\"Nicshot SALT &#8211; 18mg 80\\\/20 VG\\\/PG\"}]},{\"@type\":\"WebSite\",\"@id\":\"https:\\\/\\\/www.liquidvoyage.eu\\\/en\\\/#website\",\"url\":\"https:\\\/\\\/www.liquidvoyage.eu\\\/en\\\/\",\"name\":\"Liquid Voyage - Simply Great E-Juice\",\"description\":\"E-juice made in Sweden\",\"publisher\":{\"@id\":\"https:\\\/\\\/www.liquidvoyage.eu\\\/en\\\/#organization\"},\"inLanguage\":\"en-US\"},{\"@type\":\"Organization\",\"@id\":\"https:\\\/\\\/www.liquidvoyage.eu\\\/en\\\/#organization\",\"name\":\"Liquidvoyage\",\"url\":\"https:\\\/\\\/www.liquidvoyage.eu\\\/en\\\/\",\"logo\":{\"@type\":\"ImageObject\",\"inLanguage\":\"en-US\",\"@id\":\"https:\\\/\\\/www.liquidvoyage.eu\\\/en\\\/#\\\/schema\\\/logo\\\/image\\\/\",\"url\":\"https:\\\/\\\/www.liquidvoyage.eu\\\/wp-content\\\/uploads\\\/2018\\\/01\\\/Logo-e1560469946756.png\",\"contentUrl\":\"https:\\\/\\\/www.liquidvoyage.eu\\\/wp-content\\\/uploads\\\/2018\\\/01\\\/Logo-e1560469946756.png\",\"width\":120,\"height\":114,\"caption\":\"Liquidvoyage\"},\"image\":{\"@id\":\"https:\\\/\\\/www.liquidvoyage.eu\\\/en\\\/#\\\/schema\\\/logo\\\/image\\\/\"},\"sameAs\":[\"https:\\\/\\\/www.facebook.com\\\/LiquidVoyage\\\/\",\"https:\\\/\\\/www.instagram.com\\\/liquidvoyage\\\/\"]}]}<\/script>\n<!-- \/ Yoast SEO plugin. -->","yoast_head_json":{"title":"18mg Nicshot SALT - Liquid Voyage - Nic salt for Shake n Vape","description":"Liquid Voyages own 18mg nicshot! 80% VG. Tested and TPD-registered. Made with the best available nicotine salt.","robots":{"index":"index","follow":"follow","max-snippet":"max-snippet:-1","max-image-preview":"max-image-preview:large","max-video-preview":"max-video-preview:-1"},"canonical":"https:\/\/www.liquidvoyage.eu\/en\/product\/nic-shot-18mg\/","og_locale":"en_US","og_type":"article","og_title":"Nicshot SALT - 18mg - Liquid Voyage - Nic booster for Shake n Vape","og_description":"Liquid Voyages own 18mg nic shot! 80% VG. Tested and TPD-registered. Made with the best available nicotine.","og_url":"https:\/\/www.liquidvoyage.eu\/product\/nic-shot-18mg\/","og_site_name":"Liquid Voyage - Simply Great E-Juice","article_publisher":"https:\/\/www.facebook.com\/LiquidVoyage\/","article_modified_time":"2024-07-08T14:52:15+00:00","og_image":[{"width":1200,"height":800,"url":"https:\/\/www.liquidvoyage.eu\/wp-content\/uploads\/2022\/04\/saltnic.jpg","type":"image\/jpeg"}],"twitter_card":"summary_large_image","twitter_misc":{"Est. reading time":"2 minutes"},"schema":{"@context":"https:\/\/schema.org","@graph":[{"@type":"WebPage","@id":"https:\/\/www.liquidvoyage.eu\/en\/product\/nicshot-18mg-80-20-vg-pg\/","url":"https:\/\/www.liquidvoyage.eu\/product\/nic-shot-18mg\/","name":"18mg Nicshot SALT - Liquid Voyage - Nic salt for Shake n Vape","isPartOf":{"@id":"https:\/\/www.liquidvoyage.eu\/en\/#website"},"primaryImageOfPage":{"@id":"https:\/\/www.liquidvoyage.eu\/product\/nic-shot-18mg\/#primaryimage"},"image":{"@id":"https:\/\/www.liquidvoyage.eu\/product\/nic-shot-18mg\/#primaryimage"},"thumbnailUrl":"https:\/\/www.liquidvoyage.eu\/wp-content\/uploads\/2021\/04\/LV-Nicshot-Mockup80.jpg","datePublished":"2021-04-26T10:45:55+00:00","dateModified":"2024-07-08T14:52:15+00:00","description":"Liquid Voyages own 18mg nicshot! 80% VG. Tested and TPD-registered. Made with the best available nicotine salt.","breadcrumb":{"@id":"https:\/\/www.liquidvoyage.eu\/product\/nic-shot-18mg\/#breadcrumb"},"inLanguage":"en-US","potentialAction":[{"@type":"ReadAction","target":["https:\/\/www.liquidvoyage.eu\/product\/nic-shot-18mg\/"]}]},{"@type":"ImageObject","inLanguage":"en-US","@id":"https:\/\/www.liquidvoyage.eu\/product\/nic-shot-18mg\/#primaryimage","url":"https:\/\/www.liquidvoyage.eu\/wp-content\/uploads\/2021\/04\/LV-Nicshot-Mockup80.jpg","contentUrl":"https:\/\/www.liquidvoyage.eu\/wp-content\/uploads\/2021\/04\/LV-Nicshot-Mockup80.jpg","width":600,"height":600},{"@type":"BreadcrumbList","@id":"https:\/\/www.liquidvoyage.eu\/product\/nic-shot-18mg\/#breadcrumb","itemListElement":[{"@type":"ListItem","position":1,"name":"Hem","item":"https:\/\/www.liquidvoyage.eu\/en\/"},{"@type":"ListItem","position":2,"name":"Store","item":"https:\/\/www.liquidvoyage.eu\/en\/store\/"},{"@type":"ListItem","position":3,"name":"Nicshot SALT &#8211; 18mg 80\/20 VG\/PG"}]},{"@type":"WebSite","@id":"https:\/\/www.liquidvoyage.eu\/en\/#website","url":"https:\/\/www.liquidvoyage.eu\/en\/","name":"Liquid Voyage - Simply Great E-Juice","description":"E-juice made in Sweden","publisher":{"@id":"https:\/\/www.liquidvoyage.eu\/en\/#organization"},"inLanguage":"en-US"},{"@type":"Organization","@id":"https:\/\/www.liquidvoyage.eu\/en\/#organization","name":"Liquidvoyage","url":"https:\/\/www.liquidvoyage.eu\/en\/","logo":{"@type":"ImageObject","inLanguage":"en-US","@id":"https:\/\/www.liquidvoyage.eu\/en\/#\/schema\/logo\/image\/","url":"https:\/\/www.liquidvoyage.eu\/wp-content\/uploads\/2018\/01\/Logo-e1560469946756.png","contentUrl":"https:\/\/www.liquidvoyage.eu\/wp-content\/uploads\/2018\/01\/Logo-e1560469946756.png","width":120,"height":114,"caption":"Liquidvoyage"},"image":{"@id":"https:\/\/www.liquidvoyage.eu\/en\/#\/schema\/logo\/image\/"},"sameAs":["https:\/\/www.facebook.com\/LiquidVoyage\/","https:\/\/www.instagram.com\/liquidvoyage\/"]}]}},"_links":{"self":[{"href":"https:\/\/www.liquidvoyage.eu\/en\/wp-json\/wp\/v2\/product\/8502","targetHints":{"allow":["GET"]}}],"collection":[{"href":"https:\/\/www.liquidvoyage.eu\/en\/wp-json\/wp\/v2\/product"}],"about":[{"href":"https:\/\/www.liquidvoyage.eu\/en\/wp-json\/wp\/v2\/types\/product"}],"replies":[{"embeddable":true,"href":"https:\/\/www.liquidvoyage.eu\/en\/wp-json\/wp\/v2\/comments?post=8502"}],"wp:featuredmedia":[{"embeddable":true,"href":"https:\/\/www.liquidvoyage.eu\/en\/wp-json\/wp\/v2\/media\/8504"}],"wp:attachment":[{"href":"https:\/\/www.liquidvoyage.eu\/en\/wp-json\/wp\/v2\/media?parent=8502"}],"wp:term":[{"taxonomy":"product_brand","embeddable":true,"href":"https:\/\/www.liquidvoyage.eu\/en\/wp-json\/wp\/v2\/product_brand?post=8502"},{"taxonomy":"product_cat","embeddable":true,"href":"https:\/\/www.liquidvoyage.eu\/en\/wp-json\/wp\/v2\/product_cat?post=8502"},{"taxonomy":"product_tag","embeddable":true,"href":"https:\/\/www.liquidvoyage.eu\/en\/wp-json\/wp\/v2\/product_tag?post=8502"}],"curies":[{"name":"wp","href":"https:\/\/api.w.org\/{rel}","templated":true}]}}