{"id":7315,"date":"2023-07-27T15:49:11","date_gmt":"2023-07-27T13:49:11","guid":{"rendered":"https:\/\/www.liquidvoyage.eu\/?post_type=product&#038;p=7315"},"modified":"2023-07-27T15:49:23","modified_gmt":"2023-07-27T13:49:23","slug":"pafyllningsbara-voom-pods-3-pack","status":"publish","type":"product","link":"https:\/\/www.liquidvoyage.eu\/en\/product\/pafyllningsbara-voom-pods-3-pack\/","title":{"rendered":"P\u00e5fyllningsbara voom pods 3 Pack"},"content":{"rendered":"<p>P\u00e5fyllningsbara Pods By Voom \u00e4r en smidig och dynamisk ers\u00e4ttningspod som \u00e4r utformad f\u00f6r den eleganta Voom-podden. Denna f\u00f6rpackning inneh\u00e5ller 3 pods med 2ml kapacitet.<\/p>\n<ul>\n<li>3 Pods per f\u00f6rpackning<\/li>\n<li>2ml Kapacitet<\/li>\n<li>Utformad f\u00f6r Voom-enheten<\/li>\n<\/ul>\n","protected":false},"excerpt":{"rendered":"<p>P\u00e5fyllningsbara Pods By Voom \u00e4r en smidig och dynamisk ers\u00e4ttningspod som \u00e4r utformad f\u00f6r den eleganta Voom-podden. Denna f\u00f6rpackning inneh\u00e5ller 3 pods med 2ml kapacitet.<\/p>\n<ul>\n<li>3 Pods per f\u00f6rpackning<\/li>\n<li>2ml Kapacitet<\/li>\n<li>Utformad f\u00f6r Voom-enheten<\/li>\n<\/ul>\n","protected":false},"featured_media":7298,"comment_status":"open","ping_status":"closed","template":"","meta":{"_monsterinsights_skip_tracking":false,"_monsterinsights_sitenote_active":false,"_monsterinsights_sitenote_note":"","_monsterinsights_sitenote_category":0},"product_brand":[],"product_cat":[206],"product_tag":[],"class_list":{"0":"post-7315","1":"product","2":"type-product","3":"status-publish","4":"has-post-thumbnail","6":"product_cat-accessories","8":"first","9":"outofstock","10":"taxable","11":"shipping-taxable","12":"purchasable","13":"product-type-simple"},"yoast_head":"<!-- This site is optimized with the Yoast SEO plugin v27.4 - https:\/\/yoast.com\/product\/yoast-seo-wordpress\/ -->\n<title>P\u00e5fyllningsbara voom pods 3 Pack - Liquid Voyage - Simply Great E-Juice<\/title>\n<meta name=\"description\" content=\"P\u00e5fyllningsbara Pods By Voom \u00e4r en smidig och dynamisk ers\u00e4ttningspod som \u00e4r utformad f\u00f6r den eleganta Voom-podden. Denna f\u00f6rpackning inneh\u00e5ller 3 pods med 2ml kapacitet.\" \/>\n<meta name=\"robots\" content=\"index, follow, max-snippet:-1, max-image-preview:large, max-video-preview:-1\" \/>\n<link rel=\"canonical\" href=\"https:\/\/www.liquidvoyage.eu\/en\/product\/pafyllningsbara-voom-pods-3-pack\/\" \/>\n<meta property=\"og:locale\" content=\"en_US\" \/>\n<meta property=\"og:type\" content=\"article\" \/>\n<meta property=\"og:title\" content=\"P\u00e5fyllningsbara voom pods 3 Pack - Liquid Voyage - Simply Great E-Juice\" \/>\n<meta property=\"og:description\" content=\"P\u00e5fyllningsbara Pods By Voom \u00e4r en smidig och dynamisk ers\u00e4ttningspod som \u00e4r utformad f\u00f6r den eleganta Voom-podden. Denna f\u00f6rpackning inneh\u00e5ller 3 pods med 2ml kapacitet.\" \/>\n<meta property=\"og:url\" content=\"https:\/\/www.liquidvoyage.eu\/en\/product\/pafyllningsbara-voom-pods-3-pack\/\" \/>\n<meta property=\"og:site_name\" content=\"Liquid Voyage - Simply Great E-Juice\" \/>\n<meta property=\"article:publisher\" content=\"https:\/\/www.facebook.com\/LiquidVoyage\/\" \/>\n<meta property=\"article:modified_time\" content=\"2023-07-27T13:49:23+00:00\" \/>\n<meta property=\"og:image\" content=\"https:\/\/www.liquidvoyage.eu\/wp-content\/uploads\/2020\/10\/0006_refillable-pod-3pack.png\" \/>\n\t<meta property=\"og:image:width\" content=\"1000\" \/>\n\t<meta property=\"og:image:height\" content=\"1000\" \/>\n\t<meta property=\"og:image:type\" content=\"image\/png\" \/>\n<meta name=\"twitter:card\" content=\"summary_large_image\" \/>\n<script type=\"application\/ld+json\" class=\"yoast-schema-graph\">{\"@context\":\"https:\\\/\\\/schema.org\",\"@graph\":[{\"@type\":\"WebPage\",\"@id\":\"https:\\\/\\\/www.liquidvoyage.eu\\\/en\\\/product\\\/pafyllningsbara-voom-pods-3-pack\\\/\",\"url\":\"https:\\\/\\\/www.liquidvoyage.eu\\\/en\\\/product\\\/pafyllningsbara-voom-pods-3-pack\\\/\",\"name\":\"P\u00e5fyllningsbara voom pods 3 Pack - Liquid Voyage - Simply Great E-Juice\",\"isPartOf\":{\"@id\":\"https:\\\/\\\/www.liquidvoyage.eu\\\/en\\\/#website\"},\"primaryImageOfPage\":{\"@id\":\"https:\\\/\\\/www.liquidvoyage.eu\\\/en\\\/product\\\/pafyllningsbara-voom-pods-3-pack\\\/#primaryimage\"},\"image\":{\"@id\":\"https:\\\/\\\/www.liquidvoyage.eu\\\/en\\\/product\\\/pafyllningsbara-voom-pods-3-pack\\\/#primaryimage\"},\"thumbnailUrl\":\"https:\\\/\\\/www.liquidvoyage.eu\\\/wp-content\\\/uploads\\\/2020\\\/10\\\/0006_refillable-pod-3pack.png\",\"datePublished\":\"2023-07-27T13:49:11+00:00\",\"dateModified\":\"2023-07-27T13:49:23+00:00\",\"description\":\"P\u00e5fyllningsbara Pods By Voom \u00e4r en smidig och dynamisk ers\u00e4ttningspod som \u00e4r utformad f\u00f6r den eleganta Voom-podden. Denna f\u00f6rpackning inneh\u00e5ller 3 pods med 2ml kapacitet.\",\"breadcrumb\":{\"@id\":\"https:\\\/\\\/www.liquidvoyage.eu\\\/en\\\/product\\\/pafyllningsbara-voom-pods-3-pack\\\/#breadcrumb\"},\"inLanguage\":\"en-US\",\"potentialAction\":[{\"@type\":\"ReadAction\",\"target\":[\"https:\\\/\\\/www.liquidvoyage.eu\\\/en\\\/product\\\/pafyllningsbara-voom-pods-3-pack\\\/\"]}]},{\"@type\":\"ImageObject\",\"inLanguage\":\"en-US\",\"@id\":\"https:\\\/\\\/www.liquidvoyage.eu\\\/en\\\/product\\\/pafyllningsbara-voom-pods-3-pack\\\/#primaryimage\",\"url\":\"https:\\\/\\\/www.liquidvoyage.eu\\\/wp-content\\\/uploads\\\/2020\\\/10\\\/0006_refillable-pod-3pack.png\",\"contentUrl\":\"https:\\\/\\\/www.liquidvoyage.eu\\\/wp-content\\\/uploads\\\/2020\\\/10\\\/0006_refillable-pod-3pack.png\",\"width\":1000,\"height\":1000},{\"@type\":\"BreadcrumbList\",\"@id\":\"https:\\\/\\\/www.liquidvoyage.eu\\\/en\\\/product\\\/pafyllningsbara-voom-pods-3-pack\\\/#breadcrumb\",\"itemListElement\":[{\"@type\":\"ListItem\",\"position\":1,\"name\":\"Hem\",\"item\":\"https:\\\/\\\/www.liquidvoyage.eu\\\/en\\\/\"},{\"@type\":\"ListItem\",\"position\":2,\"name\":\"Store\",\"item\":\"https:\\\/\\\/www.liquidvoyage.eu\\\/en\\\/store\\\/\"},{\"@type\":\"ListItem\",\"position\":3,\"name\":\"P\u00e5fyllningsbara voom pods 3 Pack\"}]},{\"@type\":\"WebSite\",\"@id\":\"https:\\\/\\\/www.liquidvoyage.eu\\\/en\\\/#website\",\"url\":\"https:\\\/\\\/www.liquidvoyage.eu\\\/en\\\/\",\"name\":\"Liquid Voyage - Simply Great E-Juice\",\"description\":\"E-juice made in Sweden\",\"publisher\":{\"@id\":\"https:\\\/\\\/www.liquidvoyage.eu\\\/en\\\/#organization\"},\"inLanguage\":\"en-US\"},{\"@type\":\"Organization\",\"@id\":\"https:\\\/\\\/www.liquidvoyage.eu\\\/en\\\/#organization\",\"name\":\"Liquidvoyage\",\"url\":\"https:\\\/\\\/www.liquidvoyage.eu\\\/en\\\/\",\"logo\":{\"@type\":\"ImageObject\",\"inLanguage\":\"en-US\",\"@id\":\"https:\\\/\\\/www.liquidvoyage.eu\\\/en\\\/#\\\/schema\\\/logo\\\/image\\\/\",\"url\":\"https:\\\/\\\/www.liquidvoyage.eu\\\/wp-content\\\/uploads\\\/2018\\\/01\\\/Logo-e1560469946756.png\",\"contentUrl\":\"https:\\\/\\\/www.liquidvoyage.eu\\\/wp-content\\\/uploads\\\/2018\\\/01\\\/Logo-e1560469946756.png\",\"width\":120,\"height\":114,\"caption\":\"Liquidvoyage\"},\"image\":{\"@id\":\"https:\\\/\\\/www.liquidvoyage.eu\\\/en\\\/#\\\/schema\\\/logo\\\/image\\\/\"},\"sameAs\":[\"https:\\\/\\\/www.facebook.com\\\/LiquidVoyage\\\/\",\"https:\\\/\\\/www.instagram.com\\\/liquidvoyage\\\/\"]}]}<\/script>\n<!-- \/ Yoast SEO plugin. -->","yoast_head_json":{"title":"P\u00e5fyllningsbara voom pods 3 Pack - Liquid Voyage - Simply Great E-Juice","description":"P\u00e5fyllningsbara Pods By Voom \u00e4r en smidig och dynamisk ers\u00e4ttningspod som \u00e4r utformad f\u00f6r den eleganta Voom-podden. Denna f\u00f6rpackning inneh\u00e5ller 3 pods med 2ml kapacitet.","robots":{"index":"index","follow":"follow","max-snippet":"max-snippet:-1","max-image-preview":"max-image-preview:large","max-video-preview":"max-video-preview:-1"},"canonical":"https:\/\/www.liquidvoyage.eu\/en\/product\/pafyllningsbara-voom-pods-3-pack\/","og_locale":"en_US","og_type":"article","og_title":"P\u00e5fyllningsbara voom pods 3 Pack - Liquid Voyage - Simply Great E-Juice","og_description":"P\u00e5fyllningsbara Pods By Voom \u00e4r en smidig och dynamisk ers\u00e4ttningspod som \u00e4r utformad f\u00f6r den eleganta Voom-podden. Denna f\u00f6rpackning inneh\u00e5ller 3 pods med 2ml kapacitet.","og_url":"https:\/\/www.liquidvoyage.eu\/en\/product\/pafyllningsbara-voom-pods-3-pack\/","og_site_name":"Liquid Voyage - Simply Great E-Juice","article_publisher":"https:\/\/www.facebook.com\/LiquidVoyage\/","article_modified_time":"2023-07-27T13:49:23+00:00","og_image":[{"width":1000,"height":1000,"url":"https:\/\/www.liquidvoyage.eu\/wp-content\/uploads\/2020\/10\/0006_refillable-pod-3pack.png","type":"image\/png"}],"twitter_card":"summary_large_image","schema":{"@context":"https:\/\/schema.org","@graph":[{"@type":"WebPage","@id":"https:\/\/www.liquidvoyage.eu\/en\/product\/pafyllningsbara-voom-pods-3-pack\/","url":"https:\/\/www.liquidvoyage.eu\/en\/product\/pafyllningsbara-voom-pods-3-pack\/","name":"P\u00e5fyllningsbara voom pods 3 Pack - Liquid Voyage - Simply Great E-Juice","isPartOf":{"@id":"https:\/\/www.liquidvoyage.eu\/en\/#website"},"primaryImageOfPage":{"@id":"https:\/\/www.liquidvoyage.eu\/en\/product\/pafyllningsbara-voom-pods-3-pack\/#primaryimage"},"image":{"@id":"https:\/\/www.liquidvoyage.eu\/en\/product\/pafyllningsbara-voom-pods-3-pack\/#primaryimage"},"thumbnailUrl":"https:\/\/www.liquidvoyage.eu\/wp-content\/uploads\/2020\/10\/0006_refillable-pod-3pack.png","datePublished":"2023-07-27T13:49:11+00:00","dateModified":"2023-07-27T13:49:23+00:00","description":"P\u00e5fyllningsbara Pods By Voom \u00e4r en smidig och dynamisk ers\u00e4ttningspod som \u00e4r utformad f\u00f6r den eleganta Voom-podden. Denna f\u00f6rpackning inneh\u00e5ller 3 pods med 2ml kapacitet.","breadcrumb":{"@id":"https:\/\/www.liquidvoyage.eu\/en\/product\/pafyllningsbara-voom-pods-3-pack\/#breadcrumb"},"inLanguage":"en-US","potentialAction":[{"@type":"ReadAction","target":["https:\/\/www.liquidvoyage.eu\/en\/product\/pafyllningsbara-voom-pods-3-pack\/"]}]},{"@type":"ImageObject","inLanguage":"en-US","@id":"https:\/\/www.liquidvoyage.eu\/en\/product\/pafyllningsbara-voom-pods-3-pack\/#primaryimage","url":"https:\/\/www.liquidvoyage.eu\/wp-content\/uploads\/2020\/10\/0006_refillable-pod-3pack.png","contentUrl":"https:\/\/www.liquidvoyage.eu\/wp-content\/uploads\/2020\/10\/0006_refillable-pod-3pack.png","width":1000,"height":1000},{"@type":"BreadcrumbList","@id":"https:\/\/www.liquidvoyage.eu\/en\/product\/pafyllningsbara-voom-pods-3-pack\/#breadcrumb","itemListElement":[{"@type":"ListItem","position":1,"name":"Hem","item":"https:\/\/www.liquidvoyage.eu\/en\/"},{"@type":"ListItem","position":2,"name":"Store","item":"https:\/\/www.liquidvoyage.eu\/en\/store\/"},{"@type":"ListItem","position":3,"name":"P\u00e5fyllningsbara voom pods 3 Pack"}]},{"@type":"WebSite","@id":"https:\/\/www.liquidvoyage.eu\/en\/#website","url":"https:\/\/www.liquidvoyage.eu\/en\/","name":"Liquid Voyage - Simply Great E-Juice","description":"E-juice made in Sweden","publisher":{"@id":"https:\/\/www.liquidvoyage.eu\/en\/#organization"},"inLanguage":"en-US"},{"@type":"Organization","@id":"https:\/\/www.liquidvoyage.eu\/en\/#organization","name":"Liquidvoyage","url":"https:\/\/www.liquidvoyage.eu\/en\/","logo":{"@type":"ImageObject","inLanguage":"en-US","@id":"https:\/\/www.liquidvoyage.eu\/en\/#\/schema\/logo\/image\/","url":"https:\/\/www.liquidvoyage.eu\/wp-content\/uploads\/2018\/01\/Logo-e1560469946756.png","contentUrl":"https:\/\/www.liquidvoyage.eu\/wp-content\/uploads\/2018\/01\/Logo-e1560469946756.png","width":120,"height":114,"caption":"Liquidvoyage"},"image":{"@id":"https:\/\/www.liquidvoyage.eu\/en\/#\/schema\/logo\/image\/"},"sameAs":["https:\/\/www.facebook.com\/LiquidVoyage\/","https:\/\/www.instagram.com\/liquidvoyage\/"]}]}},"_links":{"self":[{"href":"https:\/\/www.liquidvoyage.eu\/en\/wp-json\/wp\/v2\/product\/7315","targetHints":{"allow":["GET"]}}],"collection":[{"href":"https:\/\/www.liquidvoyage.eu\/en\/wp-json\/wp\/v2\/product"}],"about":[{"href":"https:\/\/www.liquidvoyage.eu\/en\/wp-json\/wp\/v2\/types\/product"}],"replies":[{"embeddable":true,"href":"https:\/\/www.liquidvoyage.eu\/en\/wp-json\/wp\/v2\/comments?post=7315"}],"wp:featuredmedia":[{"embeddable":true,"href":"https:\/\/www.liquidvoyage.eu\/en\/wp-json\/wp\/v2\/media\/7298"}],"wp:attachment":[{"href":"https:\/\/www.liquidvoyage.eu\/en\/wp-json\/wp\/v2\/media?parent=7315"}],"wp:term":[{"taxonomy":"product_brand","embeddable":true,"href":"https:\/\/www.liquidvoyage.eu\/en\/wp-json\/wp\/v2\/product_brand?post=7315"},{"taxonomy":"product_cat","embeddable":true,"href":"https:\/\/www.liquidvoyage.eu\/en\/wp-json\/wp\/v2\/product_cat?post=7315"},{"taxonomy":"product_tag","embeddable":true,"href":"https:\/\/www.liquidvoyage.eu\/en\/wp-json\/wp\/v2\/product_tag?post=7315"}],"curies":[{"name":"wp","href":"https:\/\/api.w.org\/{rel}","templated":true}]}}